{"id":563,"date":"2023-07-04T11:07:25","date_gmt":"2023-07-04T09:07:25","guid":{"rendered":"https:\/\/blockart-agency.sites.qsandbox.com\/?page_id=563"},"modified":"2024-04-22T15:45:46","modified_gmt":"2024-04-22T13:45:46","slug":"prestations","status":"publish","type":"page","link":"https:\/\/www.excelsurmesure.com\/index.php\/prestations\/","title":{"rendered":"Prestations"},"content":{"rendered":"\n<div class=\"blockart-section blockart-section-507196c3\"><div class=\"blockart-container\"><div class=\"blockart-section-inner\">\n<div class=\"blockart-column blockart-column-20b28fe4\"><div class=\"blockart-column-inner\">\n<h2 class=\"blockart-heading blockart-heading-6cff5bff\"><strong>A votre \u00e9coute !<\/strong><\/h2>\n\n\n\n<div class=\"blockart-spacing blockart-spacing-153713dc\"><div class=\"blockart-spacing-inner\"><\/div><\/div>\n\n\n\n<figure class=\"wp-block-image size-large\"><img loading=\"lazy\" decoding=\"async\" width=\"1024\" height=\"842\" src=\"http:\/\/www.excelsurmesure.com\/wp-content\/uploads\/2023\/07\/partenariat-e1688549833253-1024x842.png\" alt=\"\" class=\"wp-image-1899\" srcset=\"https:\/\/www.excelsurmesure.com\/wp-content\/uploads\/2023\/07\/partenariat-e1688549833253-1024x842.png 1024w, https:\/\/www.excelsurmesure.com\/wp-content\/uploads\/2023\/07\/partenariat-e1688549833253-300x247.png 300w, https:\/\/www.excelsurmesure.com\/wp-content\/uploads\/2023\/07\/partenariat-e1688549833253-768x631.png 768w, https:\/\/www.excelsurmesure.com\/wp-content\/uploads\/2023\/07\/partenariat-e1688549833253-1536x1263.png 1536w, https:\/\/www.excelsurmesure.com\/wp-content\/uploads\/2023\/07\/partenariat-e1688549833253.png 1685w\" sizes=\"auto, (max-width: 1024px) 100vw, 1024px\" \/><\/figure>\n\n\n\n<p class=\"blockart-paragraph blockart-paragraph-4ce3fa22\">Nous travaillerons en \u00e9troite collaboration tout au long du processus de cr\u00e9ation.<\/p>\n\n\n\n<p class=\"blockart-paragraph blockart-paragraph-9538819f\">Nous pourrons ainsi r\u00e9aliser des ajustements r\u00e9guliers et optimiser le fichier final pour qu&#8217;il r\u00e9ponde pleinement \u00e0 vos attentes.<\/p>\n<\/div><\/div>\n<\/div><\/div><\/div>\n\n\n\n<div class=\"blockart-spacing blockart-spacing-178bd85d\"><div class=\"blockart-spacing-inner\"><\/div><\/div>\n\n\n\n<div class=\"blockart-image blockart-image-1fa67517\"><img loading=\"lazy\" decoding=\"async\" class=\"wp-image-1689\" src=\"http:\/\/www.excelsurmesure.com\/wp-content\/uploads\/2023\/07\/Outils_excel.jpg\" alt=\"\" height=\"344\" width=\"517\" srcset=\"https:\/\/www.excelsurmesure.com\/wp-content\/uploads\/2023\/07\/Outils_excel.jpg 517w, https:\/\/www.excelsurmesure.com\/wp-content\/uploads\/2023\/07\/Outils_excel-300x200.jpg 300w\" sizes=\"auto, (max-width: 517px) 100vw, 517px\" \/><\/div>\n\n\n\n<div class=\"blockart-spacing blockart-spacing-3bb5d880\"><div class=\"blockart-spacing-inner\"><\/div><\/div>\n\n\n\n<h2 class=\"wp-block-heading has-text-align-center has-vivid-red-color has-text-color\">DEROULEMENT D&#8217;UNE PRESTATION<\/h2>\n\n\n\n<p class=\"has-text-align-center has-vivid-red-color has-text-color\"><strong><strong><strong>__________________________<\/strong><\/strong><\/strong><\/p>\n\n\n\n<div class=\"blockart-spacing blockart-spacing-0efde9f9\"><div class=\"blockart-spacing-inner\"><\/div><\/div>\n\n\n\n<div class=\"blockart-section blockart-section-0a986b19\"><div class=\"blockart-container\"><div class=\"blockart-section-inner\">\n<div class=\"blockart-column blockart-column-5cfad4c1\"><div class=\"blockart-column-inner\"><\/div><\/div>\n\n\n\n<div class=\"blockart-column blockart-column-2ed40e41\"><div class=\"blockart-column-inner\">\n<p class=\"blockart-paragraph blockart-paragraph-bd535c03\">1\/ Mise en relation pour comprendre et analyser le besoin du client<\/p>\n\n\n\n<p class=\"blockart-paragraph blockart-paragraph-b9dfe8f5\">2\/ Envoi du devis gratuit avec d\u00e9tail du prix et du d\u00e9lai<\/p>\n\n\n\n<p class=\"blockart-paragraph blockart-paragraph-31c381d9\">3\/ Acceptation du devis par le client<\/p>\n\n\n\n<p class=\"blockart-paragraph blockart-paragraph-cddbe080\">4\/ D\u00e9marrage de la conception du fichier Excel<\/p>\n\n\n\n<p class=\"blockart-paragraph blockart-paragraph-830f60d4\">5\/ R\u00e9alisation de points interm\u00e9diaires avec partage d&#8217;\u00e9cran pour pr\u00e9senter l&#8217;avancement du fichier et prendre en compte des demandes compl\u00e9mentaires<\/p>\n\n\n\n<p class=\"blockart-paragraph blockart-paragraph-c625b5ae\">6\/ Livraison du fichier finalis\u00e9<\/p>\n\n\n\n<p class=\"blockart-paragraph blockart-paragraph-cd975749\">7\/ Test du fichier par le client<\/p>\n\n\n\n<p class=\"blockart-paragraph blockart-paragraph-bade13d1\">8\/ Facturation apr\u00e8s satisfaction du client<\/p>\n\n\n\n<div class=\"blockart-spacing blockart-spacing-e32410bc\"><div class=\"blockart-spacing-inner\"><\/div><\/div>\n\n\n\n<p class=\"blockart-paragraph blockart-paragraph-9042c645\">Nous restons par la suite disponible pour r\u00e9pondre aux questions \u00e9ventuelles et fournir un support technique si n\u00e9cessaire.<\/p>\n\n\n\n<p class=\"blockart-paragraph blockart-paragraph-be90a53c\">Toutes les donn\u00e9es que vous nous partagerez seront trait\u00e9es en toute s\u00e9curit\u00e9 et dans le respect absolu de la confidentialit\u00e9.<\/p>\n<\/div><\/div>\n\n\n\n<div class=\"blockart-column blockart-column-6678d6a8\"><div class=\"blockart-column-inner\"><\/div><\/div>\n<\/div><\/div><\/div>\n\n\n\n<div class=\"blockart-spacing blockart-spacing-7e717af8\"><div class=\"blockart-spacing-inner\"><\/div><\/div>\n\n\n\n<div class=\"blockart-buttons blockart-buttons-5023ac20 is-wrap justify-center\">\n<div class=\"blockart-button blockart-button-04659e6e \"><a class=\"blockart-button-link is-large is-style-filled\" href=\"index.php\/contact\"><strong>DEMANDEZ UN DEVIS GRATUIT<\/strong><\/a><\/div>\n<\/div>\n\n\n\n<div class=\"blockart-spacing blockart-spacing-ff499d65\"><div class=\"blockart-spacing-inner\"><\/div><\/div>\n","protected":false},"excerpt":{"rendered":"<p>DEROULEMENT D&#8217;UNE PRESTATION __________________________<\/p>\n","protected":false},"author":1,"featured_media":0,"parent":0,"menu_order":0,"comment_status":"closed","ping_status":"closed","template":"","meta":{"footnotes":""},"class_list":["post-563","page","type-page","status-publish","hentry"],"_links":{"self":[{"href":"https:\/\/www.excelsurmesure.com\/index.php\/wp-json\/wp\/v2\/pages\/563","targetHints":{"allow":["GET"]}}],"collection":[{"href":"https:\/\/www.excelsurmesure.com\/index.php\/wp-json\/wp\/v2\/pages"}],"about":[{"href":"https:\/\/www.excelsurmesure.com\/index.php\/wp-json\/wp\/v2\/types\/page"}],"author":[{"embeddable":true,"href":"https:\/\/www.excelsurmesure.com\/index.php\/wp-json\/wp\/v2\/users\/1"}],"replies":[{"embeddable":true,"href":"https:\/\/www.excelsurmesure.com\/index.php\/wp-json\/wp\/v2\/comments?post=563"}],"version-history":[{"count":104,"href":"https:\/\/www.excelsurmesure.com\/index.php\/wp-json\/wp\/v2\/pages\/563\/revisions"}],"predecessor-version":[{"id":2215,"href":"https:\/\/www.excelsurmesure.com\/index.php\/wp-json\/wp\/v2\/pages\/563\/revisions\/2215"}],"wp:attachment":[{"href":"https:\/\/www.excelsurmesure.com\/index.php\/wp-json\/wp\/v2\/media?parent=563"}],"curies":[{"name":"wp","href":"https:\/\/api.w.org\/{rel}","templated":true}]}}