{"id":1876,"date":"2023-07-05T09:44:55","date_gmt":"2023-07-05T07:44:55","guid":{"rendered":"https:\/\/www.excelsurmesure.com\/?page_id=1876"},"modified":"2024-04-29T14:43:19","modified_gmt":"2024-04-29T12:43:19","slug":"accueil","status":"publish","type":"page","link":"https:\/\/www.excelsurmesure.com\/","title":{"rendered":"Accueil"},"content":{"rendered":"\n<div class=\"blockart-section blockart-section-3274e693\"><div class=\"blockart-container\"><div class=\"blockart-section-inner\">\n<div class=\"blockart-column blockart-column-5c451749\"><div class=\"blockart-column-inner\">\n<h1 class=\"blockart-heading blockart-heading-715dd37b\"><strong>Le pouvoir d&#8217;un outil Excel sur-mesure !<\/strong><\/h1>\n\n\n\n<p><\/p>\n\n\n\n<p class=\"has-black-color has-white-background-color has-text-color has-background\" style=\"font-size:16px\">Nous comprenons que chaque entreprise est unique, avec ses propres besoins et processus.<br>C&#8217;est pourquoi nous offrons un service de cr\u00e9ation de fichiers Excel personnalis\u00e9s, con\u00e7us sp\u00e9cialement pour r\u00e9pondre \u00e0 vos exigences sp\u00e9cifiques.<\/p>\n\n\n\n<p class=\"has-black-color has-white-background-color has-text-color has-background\" style=\"font-size:16px\">Que vous ayez besoin d&#8217;un mod\u00e8le de suivi des ventes, d&#8217;une feuille de calcul de gestion de projet ou d&#8217;un tableau de bord financier d\u00e9taill\u00e9, notre expertise en Excel est l\u00e0 pour vous aider.<\/p>\n\n\n\n<p class=\"has-black-color has-white-background-color has-text-color has-background\" style=\"font-size:16px\">Nous collaborerons \u00e9troitement avec vous pour comprendre vos objectifs, vos donn\u00e9es et vos contraintes, afin de concevoir un fichier Excel enti\u00e8rement adapt\u00e9 \u00e0 vos besoins.<\/p>\n\n\n\n<div class=\"blockart-spacing blockart-spacing-74ff8572\"><div class=\"blockart-spacing-inner\"><\/div><\/div>\n\n\n\n<div class=\"blockart-buttons blockart-buttons-5023ac20 is-wrap justify-center\">\n<div class=\"blockart-button blockart-button-04659e6e \"><a class=\"blockart-button-link is-large is-style-filled\" href=\"index.php\/contact\"><strong>DEVIS GRATUIT<\/strong><\/a><\/div>\n<\/div>\n<\/div><\/div>\n\n\n\n<div class=\"blockart-column blockart-column-717e808b\"><div class=\"blockart-column-inner\">\n<div class=\"blockart-image blockart-image-6f3ae846\"><img loading=\"lazy\" decoding=\"async\" class=\"wp-image-1757\" src=\"http:\/\/www.excelsurmesure.com\/wp-content\/uploads\/2023\/07\/devis.png\" alt=\"\" height=\"1125\" width=\"1294\" srcset=\"https:\/\/www.excelsurmesure.com\/wp-content\/uploads\/2023\/07\/devis.png 1294w, https:\/\/www.excelsurmesure.com\/wp-content\/uploads\/2023\/07\/devis-300x261.png 300w, https:\/\/www.excelsurmesure.com\/wp-content\/uploads\/2023\/07\/devis-1024x890.png 1024w, https:\/\/www.excelsurmesure.com\/wp-content\/uploads\/2023\/07\/devis-768x668.png 768w\" sizes=\"auto, (max-width: 1294px) 100vw, 1294px\" \/><\/div>\n<\/div><\/div>\n<\/div><\/div><\/div>\n\n\n\n<div class=\"blockart-spacing blockart-spacing-fe20aac6\"><div class=\"blockart-spacing-inner\"><\/div><\/div>\n\n\n\n<div class=\"blockart-image blockart-image-c80b2dfe\"><img loading=\"lazy\" decoding=\"async\" class=\"wp-image-1887\" src=\"http:\/\/www.excelsurmesure.com\/wp-content\/uploads\/2023\/07\/logo_excelsurmesure2.jpg\" alt=\"\" height=\"150\" width=\"329\" srcset=\"https:\/\/www.excelsurmesure.com\/wp-content\/uploads\/2023\/07\/logo_excelsurmesure2.jpg 329w, https:\/\/www.excelsurmesure.com\/wp-content\/uploads\/2023\/07\/logo_excelsurmesure2-300x137.jpg 300w\" sizes=\"auto, (max-width: 329px) 100vw, 329px\" \/><\/div>\n\n\n\n<div class=\"blockart-spacing blockart-spacing-49d7f080\"><div class=\"blockart-spacing-inner\"><\/div><\/div>\n\n\n\n<h2 class=\"wp-block-heading has-text-align-center has-vivid-red-color has-text-color\">LES AVANTAGES<\/h2>\n\n\n\n<p class=\"has-text-align-center has-vivid-red-color has-text-color\"><strong>____________________<\/strong><\/p>\n\n\n\n<div class=\"blockart-section blockart-section-2636e827\"><div class=\"blockart-container\"><div class=\"blockart-section-inner\">\n<div class=\"blockart-column blockart-column-0d62a340\"><div class=\"blockart-column-inner\">\n<p class=\"blockart-paragraph blockart-paragraph-796d981b\">Avec nos fichiers Excel personnalis\u00e9s, <strong>vous gagnerez un temps pr\u00e9cieux<\/strong> en automatisant les t\u00e2ches r\u00e9p\u00e9titives et en simplifiant les processus complexes.<\/p>\n\n\n\n<div class=\"blockart-image blockart-image-d4a7866d\"><img loading=\"lazy\" decoding=\"async\" class=\"wp-image-2012\" src=\"http:\/\/www.excelsurmesure.com\/wp-content\/uploads\/2023\/07\/tableau_de_bord.jpg\" alt=\"\" height=\"660\" width=\"1160\" srcset=\"https:\/\/www.excelsurmesure.com\/wp-content\/uploads\/2023\/07\/tableau_de_bord.jpg 1160w, https:\/\/www.excelsurmesure.com\/wp-content\/uploads\/2023\/07\/tableau_de_bord-300x171.jpg 300w, https:\/\/www.excelsurmesure.com\/wp-content\/uploads\/2023\/07\/tableau_de_bord-1024x583.jpg 1024w, https:\/\/www.excelsurmesure.com\/wp-content\/uploads\/2023\/07\/tableau_de_bord-768x437.jpg 768w\" sizes=\"auto, (max-width: 1160px) 100vw, 1160px\" \/><\/div>\n\n\n\n<p class=\"blockart-paragraph blockart-paragraph-b52e04c3\">De plus, vous disposerez d&#8217;une meilleure visibilit\u00e9 sur vos donn\u00e9es, gr\u00e2ce \u00e0 des <strong>tableaux de bord clairs et intuitifs<\/strong> qui vous permettront de prendre des d\u00e9cisions \u00e9clair\u00e9es.<\/p>\n<\/div><\/div>\n<\/div><\/div><\/div>\n\n\n\n<div class=\"blockart-spacing blockart-spacing-85bd0596\"><div class=\"blockart-spacing-inner\"><\/div><\/div>\n\n\n\n<div class=\"blockart-buttons blockart-buttons-f03b8c97 is-wrap justify-center\">\n<div class=\"blockart-button blockart-button-20f509d1 \"><a class=\"blockart-button-link is-large is-style-filled\" href=\"index.php\/prestations\"><strong>D\u00e9couvrez le d\u00e9roulement de nos prestations<\/strong><\/a><\/div>\n<\/div>\n\n\n\n<div class=\"blockart-spacing blockart-spacing-0a9f59e4\"><div class=\"blockart-spacing-inner\"><\/div><\/div>\n\n\n\n<div class=\"blockart-section blockart-section-23db8207\"><div class=\"blockart-container-fluid\"><div class=\"blockart-section-inner\">\n<div class=\"blockart-column blockart-column-8395e5a7\"><div class=\"blockart-column-inner\">\n<div class=\"blockart-image blockart-image-7ce3a6fc\"><img loading=\"lazy\" decoding=\"async\" class=\"wp-image-213\" src=\"http:\/\/www.excelsurmesure.com\/wp-content\/uploads\/2021\/12\/portfolio-image-A.jpg\" alt=\"\" height=\"730\" width=\"900\" srcset=\"https:\/\/www.excelsurmesure.com\/wp-content\/uploads\/2021\/12\/portfolio-image-A.jpg 900w, https:\/\/www.excelsurmesure.com\/wp-content\/uploads\/2021\/12\/portfolio-image-A-600x487.jpg 600w, https:\/\/www.excelsurmesure.com\/wp-content\/uploads\/2021\/12\/portfolio-image-A-300x243.jpg 300w, https:\/\/www.excelsurmesure.com\/wp-content\/uploads\/2021\/12\/portfolio-image-A-768x623.jpg 768w\" sizes=\"auto, (max-width: 900px) 100vw, 900px\" \/><\/div>\n<\/div><\/div>\n\n\n\n<div class=\"blockart-column blockart-column-6bee2af2\"><div class=\"blockart-column-inner\">\n<div class=\"blockart-image blockart-image-043d5184\"><img loading=\"lazy\" decoding=\"async\" class=\"wp-image-217\" src=\"http:\/\/www.excelsurmesure.com\/wp-content\/uploads\/2021\/12\/portfolio-image-E.jpg\" alt=\"\" height=\"730\" width=\"900\" srcset=\"https:\/\/www.excelsurmesure.com\/wp-content\/uploads\/2021\/12\/portfolio-image-E.jpg 900w, https:\/\/www.excelsurmesure.com\/wp-content\/uploads\/2021\/12\/portfolio-image-E-600x487.jpg 600w, https:\/\/www.excelsurmesure.com\/wp-content\/uploads\/2021\/12\/portfolio-image-E-300x243.jpg 300w, https:\/\/www.excelsurmesure.com\/wp-content\/uploads\/2021\/12\/portfolio-image-E-768x623.jpg 768w\" sizes=\"auto, (max-width: 900px) 100vw, 900px\" \/><\/div>\n<\/div><\/div>\n\n\n\n<div class=\"blockart-column blockart-column-fd901356\"><div class=\"blockart-column-inner\">\n<div class=\"blockart-image blockart-image-945e1eee\"><img loading=\"lazy\" decoding=\"async\" class=\"wp-image-223\" src=\"http:\/\/www.excelsurmesure.com\/wp-content\/uploads\/2021\/12\/portfolio-image-F.jpg\" alt=\"\" height=\"730\" width=\"900\" srcset=\"https:\/\/www.excelsurmesure.com\/wp-content\/uploads\/2021\/12\/portfolio-image-F.jpg 900w, https:\/\/www.excelsurmesure.com\/wp-content\/uploads\/2021\/12\/portfolio-image-F-600x487.jpg 600w, https:\/\/www.excelsurmesure.com\/wp-content\/uploads\/2021\/12\/portfolio-image-F-300x243.jpg 300w, https:\/\/www.excelsurmesure.com\/wp-content\/uploads\/2021\/12\/portfolio-image-F-768x623.jpg 768w\" sizes=\"auto, (max-width: 900px) 100vw, 900px\" \/><\/div>\n<\/div><\/div>\n\n\n\n<div class=\"blockart-column blockart-column-0edff57f\"><div class=\"blockart-column-inner\">\n<div class=\"blockart-image blockart-image-4cf51b56\"><img loading=\"lazy\" decoding=\"async\" class=\"wp-image-215\" src=\"http:\/\/www.excelsurmesure.com\/wp-content\/uploads\/2021\/12\/portfolio-image-C.jpg\" alt=\"\" height=\"730\" width=\"900\" srcset=\"https:\/\/www.excelsurmesure.com\/wp-content\/uploads\/2021\/12\/portfolio-image-C.jpg 900w, https:\/\/www.excelsurmesure.com\/wp-content\/uploads\/2021\/12\/portfolio-image-C-600x487.jpg 600w, https:\/\/www.excelsurmesure.com\/wp-content\/uploads\/2021\/12\/portfolio-image-C-300x243.jpg 300w, https:\/\/www.excelsurmesure.com\/wp-content\/uploads\/2021\/12\/portfolio-image-C-768x623.jpg 768w\" sizes=\"auto, (max-width: 900px) 100vw, 900px\" \/><\/div>\n<\/div><\/div>\n<\/div><\/div><\/div>\n\n\n\n<div class=\"aligncenter blockart-section blockart-section-dbe1a9cc aligncenter\"><div class=\"blockart-container\"><div class=\"blockart-section-inner\">\n<div class=\"blockart-column blockart-column-ecf362cd\"><div class=\"blockart-column-inner\"><\/div><\/div>\n\n\n\n<div class=\"blockart-column blockart-column-f4c16821\"><div class=\"blockart-column-inner\">\n<h2 class=\"blockart-heading blockart-heading-3830e009\">&#8211; <strong>NOTRE EXPERTISE<\/strong> &#8211;<\/h2>\n\n\n\n<p class=\"blockart-paragraph blockart-paragraph-79d14218\">Nous poss\u00e9dons une solide exp\u00e9rience dans la cr\u00e9ation de fichiers personnalis\u00e9s pour des entreprises de toutes tailles et de tous secteurs.<\/p>\n\n\n\n<p class=\"blockart-paragraph blockart-paragraph-0aa960a5\">Nous ma\u00eetrisons les fonctionnalit\u00e9s avanc\u00e9es d&#8217;Excel et nous ferons en sorte de mettre en place les solutions les plus adapt\u00e9es.<\/p>\n\n\n\n<div class=\"blockart-spacing blockart-spacing-2f8abff5\"><div class=\"blockart-spacing-inner\"><\/div><\/div>\n\n\n\n<div class=\"blockart-buttons blockart-buttons-5023ac20 is-wrap justify-center\">\n<div class=\"blockart-button blockart-button-04659e6e \"><a class=\"blockart-button-link is-large is-style-filled\" href=\"index.php\/expertise\"><strong>En savoir plus<\/strong><\/a><\/div>\n<\/div>\n<\/div><\/div>\n\n\n\n<div class=\"blockart-column blockart-column-f5b80786\"><div class=\"blockart-column-inner\"><\/div><\/div>\n<\/div><\/div><\/div>\n\n\n\n<div class=\"blockart-section blockart-section-d125d5f9\"><div class=\"blockart-container-fluid\"><div class=\"blockart-section-inner\">\n<div class=\"blockart-column blockart-column-a85bf22f\"><div class=\"blockart-column-inner\">\n<div class=\"blockart-image blockart-image-e5744859\"><img loading=\"lazy\" decoding=\"async\" class=\"wp-image-225\" src=\"http:\/\/www.excelsurmesure.com\/wp-content\/uploads\/2021\/12\/portfolio-image-H.jpg\" alt=\"\" height=\"730\" width=\"900\" srcset=\"https:\/\/www.excelsurmesure.com\/wp-content\/uploads\/2021\/12\/portfolio-image-H.jpg 900w, https:\/\/www.excelsurmesure.com\/wp-content\/uploads\/2021\/12\/portfolio-image-H-600x487.jpg 600w, https:\/\/www.excelsurmesure.com\/wp-content\/uploads\/2021\/12\/portfolio-image-H-300x243.jpg 300w, https:\/\/www.excelsurmesure.com\/wp-content\/uploads\/2021\/12\/portfolio-image-H-768x623.jpg 768w\" sizes=\"auto, (max-width: 900px) 100vw, 900px\" \/><\/div>\n<\/div><\/div>\n\n\n\n<div class=\"blockart-column blockart-column-0e1f7934\"><div class=\"blockart-column-inner\">\n<div class=\"blockart-image blockart-image-6fe2131a\"><img loading=\"lazy\" decoding=\"async\" class=\"wp-image-214\" src=\"http:\/\/www.excelsurmesure.com\/wp-content\/uploads\/2021\/12\/portfolio-image-B.jpg\" alt=\"\" height=\"730\" width=\"900\" srcset=\"https:\/\/www.excelsurmesure.com\/wp-content\/uploads\/2021\/12\/portfolio-image-B.jpg 900w, https:\/\/www.excelsurmesure.com\/wp-content\/uploads\/2021\/12\/portfolio-image-B-600x487.jpg 600w, https:\/\/www.excelsurmesure.com\/wp-content\/uploads\/2021\/12\/portfolio-image-B-300x243.jpg 300w, https:\/\/www.excelsurmesure.com\/wp-content\/uploads\/2021\/12\/portfolio-image-B-768x623.jpg 768w\" sizes=\"auto, (max-width: 900px) 100vw, 900px\" \/><\/div>\n<\/div><\/div>\n\n\n\n<div class=\"blockart-column blockart-column-a2530a89\"><div class=\"blockart-column-inner\">\n<div class=\"blockart-image blockart-image-9b40cd6d\"><img loading=\"lazy\" decoding=\"async\" class=\"wp-image-216\" src=\"http:\/\/www.excelsurmesure.com\/wp-content\/uploads\/2021\/12\/portfolio-image-D.jpg\" alt=\"\" height=\"730\" width=\"900\" srcset=\"https:\/\/www.excelsurmesure.com\/wp-content\/uploads\/2021\/12\/portfolio-image-D.jpg 900w, https:\/\/www.excelsurmesure.com\/wp-content\/uploads\/2021\/12\/portfolio-image-D-600x487.jpg 600w, https:\/\/www.excelsurmesure.com\/wp-content\/uploads\/2021\/12\/portfolio-image-D-300x243.jpg 300w, https:\/\/www.excelsurmesure.com\/wp-content\/uploads\/2021\/12\/portfolio-image-D-768x623.jpg 768w\" sizes=\"auto, (max-width: 900px) 100vw, 900px\" \/><\/div>\n<\/div><\/div>\n\n\n\n<div class=\"blockart-column blockart-column-c6665ee7\"><div class=\"blockart-column-inner\">\n<div class=\"blockart-image blockart-image-8b4044ea\"><img loading=\"lazy\" decoding=\"async\" class=\"wp-image-224\" src=\"http:\/\/www.excelsurmesure.com\/wp-content\/uploads\/2021\/12\/portfolio-image-G.jpg\" alt=\"\" height=\"730\" width=\"900\" srcset=\"https:\/\/www.excelsurmesure.com\/wp-content\/uploads\/2021\/12\/portfolio-image-G.jpg 900w, https:\/\/www.excelsurmesure.com\/wp-content\/uploads\/2021\/12\/portfolio-image-G-600x487.jpg 600w, https:\/\/www.excelsurmesure.com\/wp-content\/uploads\/2021\/12\/portfolio-image-G-300x243.jpg 300w, https:\/\/www.excelsurmesure.com\/wp-content\/uploads\/2021\/12\/portfolio-image-G-768x623.jpg 768w\" sizes=\"auto, (max-width: 900px) 100vw, 900px\" \/><\/div>\n<\/div><\/div>\n<\/div><\/div><\/div>\n\n\n\n<div class=\"blockart-section blockart-section-04c7a3e4\"><div class=\"blockart-container\"><div class=\"blockart-section-inner\">\n<div class=\"blockart-column blockart-column-ebfaffd6\"><div class=\"blockart-column-inner\"><\/div><\/div>\n\n\n\n<div class=\"blockart-column blockart-column-6fe8689a\"><div class=\"blockart-column-inner\">\n<h2 class=\"blockart-heading blockart-heading-01787a42\"><strong>Optimisez vos projets<\/strong><br><strong>Am\u00e9liorez vos processus<\/strong><br><strong>Gagnez en efficacit\u00e9<\/strong><\/h2>\n<\/div><\/div>\n\n\n\n<div class=\"blockart-column blockart-column-6eb0e4d6\"><div class=\"blockart-column-inner\"><\/div><\/div>\n<\/div><\/div><\/div>\n\n\n<div class=\"wp-block-image\">\n<figure class=\"aligncenter size-large is-resized\"><img loading=\"lazy\" decoding=\"async\" width=\"1024\" height=\"698\" src=\"http:\/\/www.excelsurmesure.com\/wp-content\/uploads\/2021\/12\/zakra-invite-1024x698.jpg\" alt=\"\" class=\"wp-image-898\" style=\"width:512px;height:349px\" srcset=\"https:\/\/www.excelsurmesure.com\/wp-content\/uploads\/2021\/12\/zakra-invite-1024x698.jpg 1024w, https:\/\/www.excelsurmesure.com\/wp-content\/uploads\/2021\/12\/zakra-invite-600x409.jpg 600w, https:\/\/www.excelsurmesure.com\/wp-content\/uploads\/2021\/12\/zakra-invite-300x204.jpg 300w, https:\/\/www.excelsurmesure.com\/wp-content\/uploads\/2021\/12\/zakra-invite-768x523.jpg 768w, https:\/\/www.excelsurmesure.com\/wp-content\/uploads\/2021\/12\/zakra-invite.jpg 1525w\" sizes=\"auto, (max-width: 1024px) 100vw, 1024px\" \/><\/figure>\n<\/div>\n\n\n<div class=\"blockart-section blockart-section-c3d7ca4d\"><div class=\"blockart-container\"><div class=\"blockart-section-inner\">\n<div class=\"blockart-column blockart-column-bab44034\"><div class=\"blockart-column-inner\">\n<p class=\"blockart-paragraph blockart-paragraph-f7a8f0e2\"><strong>NOTRE OBJECTIF  : VOUS COMPRENDRE !<\/strong><\/p>\n\n\n\n<p class=\"blockart-paragraph blockart-paragraph-aa2558b9\"><strong>Faites nous confiance pour transformer vos donn\u00e9es en un outil puissant et sur-mesure.<\/strong><\/p>\n\n\n\n<p class=\"blockart-paragraph blockart-paragraph-5de1d704\"><strong>Nous sommes l\u00e0 pour vous accompagner dans votre r\u00e9ussite.<\/strong><\/p>\n\n\n\n<p class=\"blockart-paragraph blockart-paragraph-16eb720c\"><strong>Contactez-nous pour discuter de vos besoins et obtenir un devis gratuit.<\/strong><\/p>\n\n\n\n<div class=\"blockart-spacing blockart-spacing-f1e0849e\"><div class=\"blockart-spacing-inner\"><\/div><\/div>\n\n\n\n<div class=\"blockart-buttons blockart-buttons-5023ac20 is-wrap justify-center\">\n<div class=\"blockart-button blockart-button-04659e6e \"><a class=\"blockart-button-link is-large is-style-filled\" href=\"index.php\/contact\"><strong>NOUS CONTACTER<\/strong><\/a><\/div>\n<\/div>\n<\/div><\/div>\n<\/div><\/div><\/div>\n\n\n\n<div class=\"blockart-section blockart-section-ca3b7b9f\"><div class=\"blockart-container-fluid\"><div class=\"blockart-section-inner\">\n<div class=\"blockart-column blockart-column-5fa93e18\"><div class=\"blockart-column-inner\">\n<div class=\"blockart-image blockart-image-f8461aa0\"><img loading=\"lazy\" decoding=\"async\" class=\"wp-image-1324\" src=\"http:\/\/www.excelsurmesure.com\/wp-content\/uploads\/2023\/07\/icon-trust.jpg\" alt=\"\" height=\"71\" width=\"71\"\/><\/div>\n\n\n\n<h2 class=\"blockart-heading blockart-heading-12f0ef49\">CONFIANCE<\/h2>\n<\/div><\/div>\n\n\n\n<div class=\"blockart-column blockart-column-4eff3299\"><div class=\"blockart-column-inner\">\n<div class=\"blockart-image blockart-image-9a37870e\"><img loading=\"lazy\" decoding=\"async\" class=\"wp-image-85\" src=\"http:\/\/www.excelsurmesure.com\/wp-content\/uploads\/2021\/12\/icon-idea.png\" alt=\"\" height=\"65\" width=\"64\"\/><\/div>\n\n\n\n<h2 class=\"blockart-heading blockart-heading-2276db7c\">EXPERTISE<\/h2>\n<\/div><\/div>\n\n\n\n<div class=\"blockart-column blockart-column-71394df3\"><div class=\"blockart-column-inner\">\n<div class=\"blockart-image blockart-image-1460ab37\"><img loading=\"lazy\" decoding=\"async\" class=\"wp-image-82\" src=\"http:\/\/www.excelsurmesure.com\/wp-content\/uploads\/2021\/12\/icon-seo-friendly.png\" alt=\"\" height=\"66\" width=\"64\"\/><\/div>\n\n\n\n<h2 class=\"blockart-heading blockart-heading-e08baca8\">PROGRES<\/h2>\n<\/div><\/div>\n\n\n\n<div class=\"blockart-column blockart-column-b9af5683\"><div class=\"blockart-column-inner\">\n<div class=\"blockart-image blockart-image-1886d445\"><img loading=\"lazy\" decoding=\"async\" class=\"wp-image-83\" src=\"http:\/\/www.excelsurmesure.com\/wp-content\/uploads\/2021\/12\/icon-support.png\" alt=\"\" height=\"64\" width=\"66\"\/><\/div>\n\n\n\n<h2 class=\"blockart-heading blockart-heading-caca05f3\">support<\/h2>\n<\/div><\/div>\n<\/div><\/div><\/div>\n","protected":false},"excerpt":{"rendered":"<p>LES AVANTAGES ____________________<\/p>\n","protected":false},"author":1,"featured_media":0,"parent":0,"menu_order":0,"comment_status":"closed","ping_status":"closed","template":"","meta":{"footnotes":""},"class_list":["post-1876","page","type-page","status-publish","hentry"],"_links":{"self":[{"href":"https:\/\/www.excelsurmesure.com\/index.php\/wp-json\/wp\/v2\/pages\/1876","targetHints":{"allow":["GET"]}}],"collection":[{"href":"https:\/\/www.excelsurmesure.com\/index.php\/wp-json\/wp\/v2\/pages"}],"about":[{"href":"https:\/\/www.excelsurmesure.com\/index.php\/wp-json\/wp\/v2\/types\/page"}],"author":[{"embeddable":true,"href":"https:\/\/www.excelsurmesure.com\/index.php\/wp-json\/wp\/v2\/users\/1"}],"replies":[{"embeddable":true,"href":"https:\/\/www.excelsurmesure.com\/index.php\/wp-json\/wp\/v2\/comments?post=1876"}],"version-history":[{"count":25,"href":"https:\/\/www.excelsurmesure.com\/index.php\/wp-json\/wp\/v2\/pages\/1876\/revisions"}],"predecessor-version":[{"id":2233,"href":"https:\/\/www.excelsurmesure.com\/index.php\/wp-json\/wp\/v2\/pages\/1876\/revisions\/2233"}],"wp:attachment":[{"href":"https:\/\/www.excelsurmesure.com\/index.php\/wp-json\/wp\/v2\/media?parent=1876"}],"curies":[{"name":"wp","href":"https:\/\/api.w.org\/{rel}","templated":true}]}}